{"id":2,"date":"2012-04-13T22:31:09","date_gmt":"2012-04-13T22:31:09","guid":{"rendered":"http:\/\/www.voyageurs-citoyens.fr\/?page_id=2"},"modified":"2012-06-29T16:35:02","modified_gmt":"2012-06-29T16:35:02","slug":"page-d-exemple","status":"publish","type":"page","link":"https:\/\/www.voyageurs-citoyens.fr\/","title":{"rendered":"Un si\u00e8cle de discriminations 1912-2012"},"content":{"rendered":"<p>En 2012 <span style=\"color: #000000;\">des centaines de milliers de Fran\u00e7ais enferm\u00e9s dans la cat\u00e9gorie des \u00ab\u00a0gens du voyage\u00a0\u00bb figurent parmi les citoyens les plus discrimin\u00e9s de notre pays\u00a0: ils restent soumis \u00e0 un statut d&rsquo;exception<\/span>, d\u00e9rogatoire au droit commun et \u00e0 l\u2019unicit\u00e9 de notre R\u00e9publique.<br \/>\nCe r\u00e9gime discriminatoire prend sa source dans <a href=\"http:\/\/gallica.bnf.fr\/ark:\/12148\/bpt6k6105294r\/f6.image.swf\">la loi promulgu\u00e9e en 1912 sur \u00ab\u00a0l\u2019exercice des professions ambulantes et la circulation des nomades\u00a0\u00bb. <\/a>Cette logique administrative, impuls\u00e9e par la loi de 1912, entra\u00eenera notamment un \u00e9pisode sombre de notre histoire contemporaine avec <a href=\"http:\/\/www.memoires-tsiganes1939-1946.fr\/\">l\u2019internement des nomades et des Tsiganes par l\u2019administration fran\u00e7aise de 1940 \u00e0 1946.<\/a><br \/>\nConfin\u00e9es dans un statut qui n\u2019\u00e9voluera que timidement en 1969, ces populations, aujourd\u2019hui identifi\u00e9es comme \u00ab gens du voyage \u00bb, une appellation qui n&rsquo;a d&rsquo;ailleurs pas de singulier, subissent depuis cent ans\u00a0 un traitement discriminatoire dans le droit et les politiques publiques. Les <a href=\"http:\/\/www.voyageurs-citoyens.fr\/?page_id=38\">carnets anthropom\u00e9triques <\/a>instaur\u00e9s en 1912 ont \u00e9t\u00e9 remplac\u00e9s par les carnets et livrets de circulations institu\u00e9s par la <a href=\"http:\/\/www.legifrance.gouv.fr\/affichTexte.do?cidTexte=LEGITEXT000006068336&amp;dateTexte=20110825\">loi de 1969<\/a>. A travers ces documents,\u00a0diff\u00e9rents de ceux qui servent \u00e0 identifier les autres citoyens fran\u00e7ais, les \u00ab\u00a0voyageurs\u00a0\u00bb doivent se plier \u00e0 un contr\u00f4le assimilable \u00e0 un r\u00e9gime de \u00ab\u00a0libert\u00e9 surveill\u00e9e\u00a0\u00bb.<br \/>\nLa confusion entretenue \u00e0 tous niveaux entre cat\u00e9gorie administrative et communaut\u00e9 est aujourd\u2019hui encore l\u2019une des principales causes de la mise \u00e0 l\u2019\u00e9cart des \u00ab <a href=\"http:\/\/www.voyageurs-citoyens.fr\/?p=343\">gens du voyage<\/a> \u00bb du d\u00e9bat public. C\u2019est bien la construction, l\u2019utilisation s\u00e9lective de la cat\u00e9gorie \u00ab gens du voyage \u00bb, et en particulier l\u2019entretien d\u2019un flou s\u00e9mantique sur la nature de cette cat\u00e9gorie, qui contribuent \u00e0 renforcer des repr\u00e9sentations st\u00e9r\u00e9otyp\u00e9es, disqualifiant continuellement les \u00ab gens du voyage \u00bb dans les sph\u00e8res publiques, priv\u00e9es et m\u00e9diatiques. Rien de surprenant alors qu\u2019une majorit\u00e9 de Fran\u00e7ais consid\u00e8re que les \u00ab gens du voyage \u00bb constituent un groupe \u00e0 part dans la soci\u00e9t\u00e9 et continue \u00e0 les traiter avec m\u00e9fiance.<br \/>\nUn si\u00e8cle\u00a0 apr\u00e8s la loi de 1912 et plus de 40 ans apr\u00e8s celle de 1969, il est temps de r\u00e9interroger en profondeur les fondements et les cons\u00e9quences actuelles d\u2019une l\u00e9gislation d\u2019exception. Le collectif d\u2019associations, d\u2019historiens et de citoyens, constitu\u00e9 en 2010, pour <a href=\"http:\/\/www.memoires-tsiganes1939-1946.fr\/\">la comm\u00e9moration de l\u2019internement des Tsiganes pendant la Seconde Guerre mondiale <\/a>m\u00e8ne aujourd\u2019hui une campagne d\u2019information sur le statut discriminatoire des \u00ab gens du voyage \u00bb toujours en vigueur aujourd\u2019hui.<br \/>\nPlus de 40 ans apr\u00e8s la promulgation de la loi de 1969, les associations repr\u00e9sentatives des Voyageurs et les associations de d\u00e9fense de leurs droits restent fermement\u00a0 d\u00e9termin\u00e9es \u00e0 lutter pour un plein acc\u00e8s au droit commun et \u00e0 une citoyennet\u00e9 \u00e0 part enti\u00e8re.<\/p>\n<p>CONTACT : <a href=\"mailto:voyageurscitoyens@gmail.com\">voyageurscitoyens@gmail.com<\/a><\/p>\n","protected":false},"excerpt":{"rendered":"<p>En 2012 des centaines de milliers de Fran\u00e7ais enferm\u00e9s dans la cat\u00e9gorie des \u00ab\u00a0gens du voyage\u00a0\u00bb figurent parmi les citoyens les plus discrimin\u00e9s de notre pays\u00a0: ils restent soumis \u00e0 un statut d&rsquo;exception, d\u00e9rogatoire au droit commun et \u00e0 l\u2019unicit\u00e9 &hellip; <a href=\"https:\/\/www.voyageurs-citoyens.fr\/\">Continuer la lecture <span class=\"meta-nav\">&rarr;<\/span><\/a><\/p>\n","protected":false},"author":1,"featured_media":0,"parent":0,"menu_order":0,"comment_status":"open","ping_status":"open","template":"","meta":{"ngg_post_thumbnail":0,"footnotes":""},"class_list":["post-2","page","type-page","status-publish","hentry"],"_links":{"self":[{"href":"https:\/\/www.voyageurs-citoyens.fr\/index.php?rest_route=\/wp\/v2\/pages\/2","targetHints":{"allow":["GET"]}}],"collection":[{"href":"https:\/\/www.voyageurs-citoyens.fr\/index.php?rest_route=\/wp\/v2\/pages"}],"about":[{"href":"https:\/\/www.voyageurs-citoyens.fr\/index.php?rest_route=\/wp\/v2\/types\/page"}],"author":[{"embeddable":true,"href":"https:\/\/www.voyageurs-citoyens.fr\/index.php?rest_route=\/wp\/v2\/users\/1"}],"replies":[{"embeddable":true,"href":"https:\/\/www.voyageurs-citoyens.fr\/index.php?rest_route=%2Fwp%2Fv2%2Fcomments&post=2"}],"version-history":[{"count":37,"href":"https:\/\/www.voyageurs-citoyens.fr\/index.php?rest_route=\/wp\/v2\/pages\/2\/revisions"}],"predecessor-version":[{"id":481,"href":"https:\/\/www.voyageurs-citoyens.fr\/index.php?rest_route=\/wp\/v2\/pages\/2\/revisions\/481"}],"wp:attachment":[{"href":"https:\/\/www.voyageurs-citoyens.fr\/index.php?rest_route=%2Fwp%2Fv2%2Fmedia&parent=2"}],"curies":[{"name":"wp","href":"https:\/\/api.w.org\/{rel}","templated":true}]}}