{"id":178,"date":"2012-05-20T22:11:38","date_gmt":"2012-05-20T22:11:38","guid":{"rendered":"http:\/\/www.voyageurs-citoyens.fr\/?page_id=178"},"modified":"2013-11-13T17:43:02","modified_gmt":"2013-11-13T17:43:02","slug":"video-2","status":"publish","type":"page","link":"https:\/\/www.voyageurs-citoyens.fr\/?page_id=178","title":{"rendered":"Vid\u00e9o"},"content":{"rendered":"<p><strong>Angelo Debarre d\u00e9nonce l&rsquo;obligation de contr\u00f4le auxquels sont soumis les d\u00e9tenteurs de carnets de circulation<\/strong><br \/>\nextrait de \u00ab\u00a0Les fils du vent\u00a0\u00bb un film de Bruno Le Jean,<br \/>\nsortie nationale le 10 octobre 2012<br \/>\n<iframe loading=\"lazy\" src=\"http:\/\/player.vimeo.com\/video\/43390682\" frameborder=\"0\" width=\"400\" height=\"300\"><\/iframe><\/p>\n<p>&nbsp;<\/p>\n<p><strong>Dossier du\u00a0 19-20, journal t\u00e9l\u00e9vis\u00e9 de France 3, mai 2010<\/strong><br \/>\n<div class=\"lyte-wrapper fourthree\" style=\"width:420px;max-width:100%;margin:5px;\"><div class=\"lyMe\" id=\"WYL_JUmEdhlPywg\"><div id=\"lyte_JUmEdhlPywg\" data-src=\"\/\/i.ytimg.com\/vi\/JUmEdhlPywg\/hqdefault.jpg\" class=\"pL\"><div class=\"tC\"><div class=\"tT\"><\/div><\/div><div class=\"play\"><\/div><div class=\"ctrl\"><div class=\"Lctrl\"><\/div><div class=\"Rctrl\"><\/div><\/div><\/div><noscript><a href=\"https:\/\/youtu.be\/JUmEdhlPywg\" rel=\"nofollow\"><img loading=\"lazy\" decoding=\"async\" src=\"https:\/\/i.ytimg.com\/vi\/JUmEdhlPywg\/0.jpg\" alt=\"YouTube video thumbnail\" width=\"420\" height=\"295\" \/><br \/>Lire cette vid\u00e9o sur YouTube<\/a><\/noscript><\/div><\/div><div class=\"lL\" style=\"max-width:100%;width:420px;margin:5px;\"><\/div><br \/>\nMilo Delage, pr\u00e9sident de l&rsquo;association France-libert\u00e9-voyage t\u00e9moigne des contraintes du carnet de circulation, soumis \u00e0 une signature trimestrielle dans les gendarmeries. Pour la premi\u00e8re, une cam\u00e9ra est autoris\u00e9 \u00e0 filmer cet instant de la vie quotidienne des gens du voyage, un instant qu&rsquo;ils jugent humiliant et contraire \u00e0 la libert\u00e9 de circuler consacr\u00e9 par les droits de l&rsquo;Homme.<\/p>\n<p><a href=\"http:\/\/halde.defenseurdesdroits.fr\/-Discriminations-des-gens-du-voyage-.html\"><strong>Les discriminations des Gens du voyage<\/strong><\/a><br \/>\nUn film p\u00e9dagogique de 16 minutes produit par la HALDE (Haute Autorit\u00e9 de Lutte contre les Discriminations) septembre 2008 pour informer les gens du voyage sur leurs droits et les recours en cas de discrimination.<\/p>\n<p><strong>\u00a0<a href=\"https:\/\/mediakiosque.univ-pau.fr\/avc\/courseaccess?id=407&amp;type=hq\">Le statut des Gens du voyage et ses cons\u00e9quences discriminatoires<\/a><\/strong><br \/>\ncommunication de J\u00e9rome Weinhard, juriste \u00e0 la\u00a0 FNASAT-Gens du voyage lors du colloque<br \/>\n\u00ab \u2018TSIGANES\u2019, \u2018NOMADES\u2019 : UN MALENTENDU EUROPEEN \u00bb : Le cas de la France<br \/>\nUniversit\u00e9 de Pau et des Pays de l&rsquo;Adour, 24 et 25 novembre 2011<\/p>\n<p>&nbsp;<\/p>\n<div style=\"font-family: arial,sans-serif; font-size: 13px;\"><strong>-\u00ab\u00a0LIBERTE EGALITE FRATERNITE\u00a0\u00bb \/\/\u00a0<a title=\"blocked::http:\/\/vimeo.com\/58972570\" href=\"http:\/\/vimeo.com\/58972570\" target=\"_blank\">http:\/\/vimeo.com\/58972570<\/a><\/strong><\/div>\n<div style=\"font-family: arial,sans-serif; font-size: 13px;\">Court-m\u00e9trage documentaire de cr\u00e9ation de 13&rsquo;04\u00a0\u00bb, 2012, dans le cadre du master CREADOC, Angoul\u00eame.<\/div>\n<div style=\"font-family: arial,sans-serif; font-size: 13px;\">Sonia X inverse les r\u00f4les et deviens pr\u00e9f\u00e8te, le temps de fabriquer un document officiel \u00e0 la r\u00e9alisatrice : un carnet de circulation&#8230;.<\/div>\n","protected":false},"excerpt":{"rendered":"<p>Angelo Debarre d\u00e9nonce l&rsquo;obligation de contr\u00f4le auxquels sont soumis les d\u00e9tenteurs de carnets de circulation extrait de \u00ab\u00a0Les fils du vent\u00a0\u00bb un film de Bruno Le Jean, sortie nationale le 10 octobre 2012 &nbsp; Dossier du\u00a0 19-20, journal t\u00e9l\u00e9vis\u00e9 de &hellip; <a href=\"https:\/\/www.voyageurs-citoyens.fr\/?page_id=178\">Continuer la lecture <span class=\"meta-nav\">&rarr;<\/span><\/a><\/p>\n","protected":false},"author":1,"featured_media":0,"parent":67,"menu_order":0,"comment_status":"open","ping_status":"open","template":"","meta":{"ngg_post_thumbnail":0,"footnotes":""},"class_list":["post-178","page","type-page","status-publish","hentry"],"_links":{"self":[{"href":"https:\/\/www.voyageurs-citoyens.fr\/index.php?rest_route=\/wp\/v2\/pages\/178","targetHints":{"allow":["GET"]}}],"collection":[{"href":"https:\/\/www.voyageurs-citoyens.fr\/index.php?rest_route=\/wp\/v2\/pages"}],"about":[{"href":"https:\/\/www.voyageurs-citoyens.fr\/index.php?rest_route=\/wp\/v2\/types\/page"}],"author":[{"embeddable":true,"href":"https:\/\/www.voyageurs-citoyens.fr\/index.php?rest_route=\/wp\/v2\/users\/1"}],"replies":[{"embeddable":true,"href":"https:\/\/www.voyageurs-citoyens.fr\/index.php?rest_route=%2Fwp%2Fv2%2Fcomments&post=178"}],"version-history":[{"count":17,"href":"https:\/\/www.voyageurs-citoyens.fr\/index.php?rest_route=\/wp\/v2\/pages\/178\/revisions"}],"predecessor-version":[{"id":602,"href":"https:\/\/www.voyageurs-citoyens.fr\/index.php?rest_route=\/wp\/v2\/pages\/178\/revisions\/602"}],"up":[{"embeddable":true,"href":"https:\/\/www.voyageurs-citoyens.fr\/index.php?rest_route=\/wp\/v2\/pages\/67"}],"wp:attachment":[{"href":"https:\/\/www.voyageurs-citoyens.fr\/index.php?rest_route=%2Fwp%2Fv2%2Fmedia&parent=178"}],"curies":[{"name":"wp","href":"https:\/\/api.w.org\/{rel}","templated":true}]}}