{"id":17,"date":"2012-04-23T12:20:24","date_gmt":"2012-04-23T12:20:24","guid":{"rendered":"http:\/\/www.voyageurs-citoyens.fr\/?page_id=17"},"modified":"2014-07-02T09:27:35","modified_gmt":"2014-07-02T09:27:35","slug":"loi-1912","status":"publish","type":"page","link":"https:\/\/www.voyageurs-citoyens.fr\/?page_id=17","title":{"rendered":"Loi 1912"},"content":{"rendered":"<div id=\"lipsum\">\n<p style=\"text-align: center;\">\u00a0<strong>Surveillance, identification, contr\u00f4le<\/strong><\/p>\n<div id=\"attachment_102\" style=\"width: 225px\" class=\"wp-caption alignright\"><a href=\"http:\/\/www.voyageurs-citoyens.fr\/wp-content\/uploads\/2012\/04\/recensement_1895_ptjournal-ddbef.jpg\"><img loading=\"lazy\" decoding=\"async\" aria-describedby=\"caption-attachment-102\" class=\"size-medium wp-image-102\" title=\"recensement_1895_ptjournal-ddbef\" src=\"http:\/\/www.voyageurs-citoyens.fr\/wp-content\/uploads\/2012\/04\/recensement_1895_ptjournal-ddbef-215x300.jpg\" alt=\"\" width=\"215\" height=\"300\" \/><\/a><p id=\"caption-attachment-102\" class=\"wp-caption-text\">&#39;Les camps-volants. Recensement des boh\u00e9miens en France&#39; .Petit Journal, 5 mai 1895<\/p><\/div>\n<p><strong>Dans quel contexte s\u2019inscrit la <a href=\"http:\/\/gallica.bnf.fr\/ark:\/12148\/bpt6k6105294r\/f6.image.swf\">loi de 1912<\/a> sur la circulation des nomades\u00a0?<\/strong><\/p>\n<p>Quels sont les facteurs sociaux, politiques, id\u00e9ologiques qui concourent \u00e0 la promulgation de ce dispositif l\u00e9gislatif\u00a0? Les \u00e9tapes qui en marquent la gen\u00e8se sont examin\u00e9es ici\u00a0: du recensement de tous les \u00ab\u00a0nomades, boh\u00e9miens et vagabonds\u00a0\u00bb de 1895, au fichage\u00ab\u00a0des nomades\u00a0\u00bb selon le syst\u00e8me Bertillon par les brigades mobiles \u00e0 l\u2019initiative de Cl\u00e9menceau, ainsi que les projets de loi et d\u00e9bats parlementaires nourris d\u2019arguments s\u00e9curitaires, st\u00e9r\u00e9otyp\u00e9s et x\u00e9nophobes.<br \/>\nLIRE :<a href=\"http:\/\/www.voyageurs-citoyens.fr\/wp-content\/uploads\/2012\/05\/la%20categorie%20juridique%20nomade.pdf\"><strong><br \/>\n<\/strong><\/a><a href=\"http:\/\/www.voyageurs-citoyens.fr\/wp-content\/uploads\/2012\/05\/delclitte-la-categorie-juridique.pdf\">DELCLITTE Christophe. La cat\u00e9gorie juridique \u00ab\u00a0Nomade\u00a0\u00bb dans la loi de 1912 in Revue Hommes et Migrations, n\u00b01188-1189, juin-juillet 1995<\/a><br \/>\n<strong><br \/>\n<\/strong><a href=\"http:\/\/remi.revues.org\/4179\">FILHOL Emmanuel. \u00abLa loi de 1912 sur la circulation des \u00ab nomades \u00bb (Tsiganes) en France\u00bb in Revue europ\u00e9enne des migrations internationales, vol. 23 \u2013 n\u00b02, 2007 <\/a><br \/>\n<strong><\/strong><\/p>\n<p><strong>Comment la R\u00e9publique \u00ab\u00a0une et indivisible\u00a0\u00bb et garante de <\/strong><strong>la libert\u00e9 d\u2019aller et venir de ces citoyens a-t-elle pu construire une cat\u00e9gorie administrative sp\u00e9cifique \u00ab\u00a0les nomades\u00a0\u00bb\u00a0?<\/strong><br \/>\nLa fabrication d\u2019une figure fantasm\u00e9e du tsigane international franchissant les fronti\u00e8res sans contrainte concourt \u00e0 la construction de ce processus l\u00e9gislatif qui pr\u00e9figure le d\u00e9veloppement d\u2019un nouveau mode de contr\u00f4le des individus, sp\u00e9cifique \u00e0 l\u2019Etat moderne.<br \/>\nLIRE :<br \/>\n<a href=\"http:\/\/www.criminocorpus.cnrs.fr\/bertillon\/ressources\/doc_projet_bertillon_piazza_socio_anthropo.pdf\">PIAZZA Pierre. \u00abAu c\u0153ur de la construction de l\u2019Etat moderne. Sociogen\u00e8se du carnet anthropom\u00e9trique des nomades\u00a0\u00bb in Les Cahiers de la s\u00e9curit\u00e9 int\u00e9rieure,\u00a048, 2002<\/a><\/p>\n<p><a href=\"http:\/\/conflits.revues.org\/index17757.html\">ABOUT Ilsen. \u00ab De la libre circulation au contr\u00f4le permanent \u00bb in Cultures &amp; Conflits\u00a0 4\/2009 (n\u00b076)<\/a><\/p>\n<p><strong>Comment l\u2019application de la loi s\u2019est elle op\u00e9r\u00e9e ?<\/strong><br \/>\nLa loi distingue trois cat\u00e9gories\u00a0: celle des ambulants et celle des forains et une troisi\u00e8me suspecte par nature, celle des nomades. L&rsquo;article 3 pr\u00e9cise que \u00ab\u00a0sont r\u00e9put\u00e9s nomades (&#8230;) quelle que soit leur nationalit\u00e9, tous individus circulant en France sans domicile ni r\u00e9sidence fixe et ne rentrant dans aucune des cat\u00e9gories ci-dessus sp\u00e9cifi\u00e9es, m\u00eame s&rsquo;ils ont des ressources ou pr\u00e9tendent exercer une profession\u00a0\u00bb. L\u2019inscription des itin\u00e9rants dans ces cat\u00e9gories respectives et l\u2019application de la loi par les forces de police et de gendarmerie s\u2019av\u00e8re complexe.<\/p>\n<p><strong>Quels furent ses effets et ses cons\u00e9quences\u00a0?<br \/>\n<\/strong>Cens\u00e9e contraindre les d\u00e9placements des nomades et favoriser leur assimilation \u00e0 la soci\u00e9t\u00e9 s\u00e9dentaire, la mise en place des carnets anthropom\u00e9triques, notamment celle des carnets collectifs obligeant les familles tsiganes \u00e0 voyager ensemble a eu l\u2019effet paradoxal de souder leur identit\u00e9.<br \/>\nA l\u2019\u00e9chelle europ\u00e9enne, les Tsiganes ont form\u00e9 l\u2019une des populations les plus surveill\u00e9es de l\u2019entre deux guerre et l\u2019instauration d\u2019un r\u00e9gime d\u2019exception dans tous les pays europ\u00e9ens d\u00e8s les ann\u00e9es 20 a pr\u00e9figur\u00e9 les sombres temps de la guerre. La loi de 1912 fut en France, le cadre juridique de l\u2019internement des Tsiganes pendant\u00a0 la Seconde Guerre mondiale.<br \/>\nLIRE :<strong><br \/>\n<\/strong><a href=\"http:\/\/www.criminocorpus.cnrs.fr\/bertillon\/ressources\/doc_projet_bertillon_gendarmerie_identification_nomades.html\">ASS\u00c9O Henriette. \u00abLa gendarmerie et l\u2019identification des \u00ab\u00a0nomades\u00a0\u00bb (1870-1914)\u00bb in Luc Jean-No\u00ebl, \u00e9d., Gendarmerie, \u00c9tat et Soci\u00e9t\u00e9 au XIXe si\u00e8cle, Paris, Publications de la Sorbonne, 2002, p. 301-311, Universit\u00e9 Paris VIII, 1995<\/a><\/p>\n<p><a href=\"http:\/\/www.voyageurs-citoyens.fr\/wp-content\/uploads\/2012\/05\/asseo-pourquoi-tant-de-haine.pdf\">ASSEO Henriette. \u00ab\u00a0Pourquoi tant de haine ? L\u2019intol\u00e9rance administrative \u00e0 l\u2019\u00e9gard des Tsiganes de la fin du XIX\u00e8me si\u00e8cle \u00e0 la veille de la seconde guerre mondiale\u00a0\u00bb in Diaspora n\u00b010, Presses Universitaires du Mirail, 2007<\/a><strong><\/strong><\/p>\n<\/div>\n","protected":false},"excerpt":{"rendered":"<p>\u00a0Surveillance, identification, contr\u00f4le Dans quel contexte s\u2019inscrit la loi de 1912 sur la circulation des nomades\u00a0? Quels sont les facteurs sociaux, politiques, id\u00e9ologiques qui concourent \u00e0 la promulgation de ce dispositif l\u00e9gislatif\u00a0? Les \u00e9tapes qui en marquent la gen\u00e8se sont &hellip; <a href=\"https:\/\/www.voyageurs-citoyens.fr\/?page_id=17\">Continuer la lecture <span class=\"meta-nav\">&rarr;<\/span><\/a><\/p>\n","protected":false},"author":1,"featured_media":0,"parent":0,"menu_order":1,"comment_status":"open","ping_status":"open","template":"","meta":{"ngg_post_thumbnail":0,"footnotes":""},"class_list":["post-17","page","type-page","status-publish","hentry"],"_links":{"self":[{"href":"https:\/\/www.voyageurs-citoyens.fr\/index.php?rest_route=\/wp\/v2\/pages\/17","targetHints":{"allow":["GET"]}}],"collection":[{"href":"https:\/\/www.voyageurs-citoyens.fr\/index.php?rest_route=\/wp\/v2\/pages"}],"about":[{"href":"https:\/\/www.voyageurs-citoyens.fr\/index.php?rest_route=\/wp\/v2\/types\/page"}],"author":[{"embeddable":true,"href":"https:\/\/www.voyageurs-citoyens.fr\/index.php?rest_route=\/wp\/v2\/users\/1"}],"replies":[{"embeddable":true,"href":"https:\/\/www.voyageurs-citoyens.fr\/index.php?rest_route=%2Fwp%2Fv2%2Fcomments&post=17"}],"version-history":[{"count":19,"href":"https:\/\/www.voyageurs-citoyens.fr\/index.php?rest_route=\/wp\/v2\/pages\/17\/revisions"}],"predecessor-version":[{"id":603,"href":"https:\/\/www.voyageurs-citoyens.fr\/index.php?rest_route=\/wp\/v2\/pages\/17\/revisions\/603"}],"wp:attachment":[{"href":"https:\/\/www.voyageurs-citoyens.fr\/index.php?rest_route=%2Fwp%2Fv2%2Fmedia&parent=17"}],"curies":[{"name":"wp","href":"https:\/\/api.w.org\/{rel}","templated":true}]}}